{"id":31,"date":"2022-11-01T12:01:34","date_gmt":"2022-11-01T09:01:34","guid":{"rendered":"https:\/\/alsysmuhendislik.com\/?page_id=31"},"modified":"2022-11-04T00:53:59","modified_gmt":"2022-11-03T21:53:59","slug":"ana-sayfa","status":"publish","type":"page","link":"https:\/\/alsysmuhendislik.com\/","title":{"rendered":"Ana Sayfa"},"content":{"rendered":"\n<div class=\"wp-block-cover alignfull is-light has-custom-content-position is-position-center-left\"><span aria-hidden=\"true\" class=\"wp-block-cover__background has-background-dim\"><\/span><video class=\"wp-block-cover__video-background intrinsic-ignore\" autoplay muted loop playsinline src=\"http:\/\/alsysmuhendislik.com\/wp-content\/uploads\/2022\/11\/High-tech-digital-world-background-4k-1.mp4\" data-object-fit=\"cover\"><\/video><div class=\"wp-block-cover__inner-container\">\n<p class=\"has-text-align-left has-green-color has-text-color\" style=\"font-size:30px;text-transform:capitalize;letter-spacing:0px\"><strong>End\u00fcstriyel Otomasyon \u00c7\u00f6z\u00fcm Orta\u011f\u0131n\u0131z<\/strong><\/p>\n\n\n\n<p class=\"has-text-align-left has-text-color has-extra-small-font-size\" style=\"color:#e5ca64;line-height:0\"><em>Her \u015fey kontrol\u00fcm\u00fcz alt\u0131nda&#8230;<\/em><\/p>\n<\/div><\/div>\n","protected":false},"excerpt":{"rendered":"","protected":false},"author":1,"featured_media":0,"parent":0,"menu_order":0,"comment_status":"closed","ping_status":"closed","template":"","meta":[],"_links":{"self":[{"href":"https:\/\/alsysmuhendislik.com\/index.php?rest_route=\/wp\/v2\/pages\/31"}],"collection":[{"href":"https:\/\/alsysmuhendislik.com\/index.php?rest_route=\/wp\/v2\/pages"}],"about":[{"href":"https:\/\/alsysmuhendislik.com\/index.php?rest_route=\/wp\/v2\/types\/page"}],"author":[{"embeddable":true,"href":"https:\/\/alsysmuhendislik.com\/index.php?rest_route=\/wp\/v2\/users\/1"}],"replies":[{"embeddable":true,"href":"https:\/\/alsysmuhendislik.com\/index.php?rest_route=%2Fwp%2Fv2%2Fcomments&post=31"}],"version-history":[{"count":35,"href":"https:\/\/alsysmuhendislik.com\/index.php?rest_route=\/wp\/v2\/pages\/31\/revisions"}],"predecessor-version":[{"id":166,"href":"https:\/\/alsysmuhendislik.com\/index.php?rest_route=\/wp\/v2\/pages\/31\/revisions\/166"}],"wp:attachment":[{"href":"https:\/\/alsysmuhendislik.com\/index.php?rest_route=%2Fwp%2Fv2%2Fmedia&parent=31"}],"curies":[{"name":"wp","href":"https:\/\/api.w.org\/{rel}","templated":true}]}}